{"id":16958,"date":"2025-01-31T13:25:15","date_gmt":"2025-01-31T12:25:15","guid":{"rendered":"https:\/\/www.gestingral.com\/factura-electronica\/"},"modified":"2025-11-06T09:55:09","modified_gmt":"2025-11-06T08:55:09","slug":"novedades-facturacion","status":"publish","type":"page","link":"https:\/\/www.gestingral.com\/es\/novedades-facturacion\/","title":{"rendered":"Informaci\u00f3n sobre nueva normativa facturaci\u00f3n"},"content":{"rendered":"<p><div class=\"fusion-fullwidth fullwidth-box fusion-builder-row-1 fusion-flex-container has-pattern-background has-mask-background nonhundred-percent-fullwidth non-hundred-percent-height-scrolling\" style=\"--awb-border-radius-top-left:0px;--awb-border-radius-top-right:0px;--awb-border-radius-bottom-right:0px;--awb-border-radius-bottom-left:0px;--awb-flex-wrap:wrap;\" ><div class=\"fusion-builder-row fusion-row fusion-flex-align-items-flex-start fusion-flex-content-wrap\" style=\"max-width:1310.4px;margin-left: calc(-4% \/ 2 );margin-right: calc(-4% \/ 2 );\"><div class=\"fusion-layout-column fusion_builder_column fusion-builder-column-0 fusion_builder_column_1_1 1_1 fusion-flex-column\" style=\"--awb-bg-size:cover;--awb-width-large:100%;--awb-margin-top-large:20px;--awb-spacing-right-large:1.92%;--awb-margin-bottom-large:20px;--awb-spacing-left-large:1.92%;--awb-width-medium:100%;--awb-order-medium:0;--awb-spacing-right-medium:1.92%;--awb-spacing-left-medium:1.92%;--awb-width-small:100%;--awb-order-small:0;--awb-spacing-right-small:1.92%;--awb-spacing-left-small:1.92%;\"><div class=\"fusion-column-wrapper fusion-column-has-shadow fusion-flex-justify-content-flex-start fusion-content-layout-column\"><div class=\"fusion-title title fusion-title-1 fusion-sep-none fusion-title-text fusion-title-size-one\" style=\"--awb-margin-top-small:10px;--awb-margin-right-small:0px;--awb-margin-bottom-small:20px;--awb-margin-left-small:0px;\"><h1 class=\"fusion-title-heading title-heading-left\" style=\"margin:0;\">Cambios en la facturaci\u00f3n: \u00bfTienes la informaci\u00f3n que necesitas?<\/h1><\/div><div class=\"fusion-text fusion-text-1\"><p><strong>Informaci\u00f3n sobre factura electr\u00f3nica:<\/strong><br \/>\nIniciamos una nueva etapa en la facturaci\u00f3n. Empresas y aut\u00f3nomos deben adaptarse a los cambios normativos que entrar\u00e1n en vigor en los pr\u00f3ximos a\u00f1os.<\/p>\n<p>Lo que muchos conocen como <strong>factura electr\u00f3nica<\/strong> en realidad se divide en <strong>tres normativas clave:<\/strong><\/p>\n<ul>\n<li><strong>Requisitos de los softwares de facturaci\u00f3n<\/strong>\n<ul>\n<li>El software utilizado para hacer las facturas deber\u00e1 cumplir una serie de requisitos (inalterabilidad, trazabilidad, accesibilidad, etc).<\/li>\n<li>Programas tipo Word o Excel no cumplen estos requisitos!<\/li>\n<li>Entra en vigor en Enero de 2026 para empresas y en julio 2026 para el resto de aut\u00f3nomos.<\/li>\n<li>Sanciones: Hasta 50.000\u20ac para utilizar sotware no adaptado.<\/li>\n<\/ul>\n<\/li>\n<li><strong>Verifactu:<\/strong> Voluntario de momento, pero con previsi\u00f3n de ser obligatorio en el futuro.<\/li>\n<li><strong>Facturaci\u00f3n electr\u00f3nica obligatoria: <\/strong>Prevista a 2 o 3 a\u00f1os vista, entre empresas y profesionales.<\/li>\n<\/ul>\n<p>Estas normativas no s\u00f3lo implican un cambio en el <strong>software de facturaci\u00f3n<\/strong>, sino una nueva manera de gestionar la facturaci\u00f3n y el cumplimiento fiscal. Por ello, es fundamental contar con <strong>asesoramiento experto<\/strong> e informaci\u00f3n sobre factura electr\u00f3nica que te ayude a tomar las mejores decisiones.<\/p>\n<h3><strong>En Gestingral te ofrecemos soluciones adaptadas a la nueva normativa<\/strong><\/h3>\n<p>\ud83d\udd39 <strong>Asesoramiento personalizado<\/strong>: Te ayudamos a entender c\u00f3mo te afectar\u00e1n los cambios en la facturaci\u00f3n.<br \/>\n\ud83d\udd39 <strong>Implementaci\u00f3n de programas de facturaci\u00f3n<\/strong> adaptados a la normativa actual y a las pr\u00f3ximas en los pr\u00f3ximos a\u00f1os.<br \/>\n\ud83d\udd39 <strong>Soluciones a medida para empresas y aut\u00f3nomos<\/strong> en el Gran Pened\u00e8s.<\/p>\n<\/div><\/div><\/div><\/div><\/div><div class=\"fusion-fullwidth fullwidth-box fusion-builder-row-2 fusion-flex-container has-pattern-background has-mask-background nonhundred-percent-fullwidth non-hundred-percent-height-scrolling\" style=\"--awb-border-radius-top-left:0px;--awb-border-radius-top-right:0px;--awb-border-radius-bottom-right:0px;--awb-border-radius-bottom-left:0px;--awb-flex-wrap:wrap;\" ><div class=\"fusion-builder-row fusion-row fusion-flex-align-items-flex-start fusion-flex-content-wrap\" style=\"max-width:1310.4px;margin-left: calc(-4% \/ 2 );margin-right: calc(-4% \/ 2 );\"><div class=\"fusion-layout-column fusion_builder_column fusion-builder-column-1 fusion_builder_column_1_2 1_2 fusion-flex-column fusion-flex-align-self-center\" style=\"--awb-bg-size:cover;--awb-width-large:50%;--awb-margin-top-large:20px;--awb-spacing-right-large:3.84%;--awb-margin-bottom-large:20px;--awb-spacing-left-large:3.84%;--awb-width-medium:50%;--awb-order-medium:0;--awb-spacing-right-medium:3.84%;--awb-spacing-left-medium:3.84%;--awb-width-small:100%;--awb-order-small:0;--awb-spacing-right-small:1.92%;--awb-spacing-left-small:1.92%;\" data-scroll-devices=\"small-visibility,medium-visibility,large-visibility\"><div class=\"fusion-column-wrapper fusion-column-has-shadow fusion-flex-justify-content-flex-start fusion-content-layout-column\"><div ><a class=\"fusion-button button-flat button-large button-default fusion-button-default button-1 fusion-button-span-yes fusion-button-default-type\" target=\"_self\" href=\"https:\/\/outlook.office365.com\/book\/GESTINGRALSoftwarefacturaciVerifactuifacturaelectrnica@gestingral.com\/\"><span class=\"fusion-button-text awb-button__text awb-button__text--default\">PIDE CITA CON UN ASESOR ESPECIALIZADO<\/span><\/a><\/div><\/div><\/div><div class=\"fusion-layout-column fusion_builder_column fusion-builder-column-2 fusion_builder_column_1_2 1_2 fusion-flex-column fusion-flex-align-self-center\" style=\"--awb-bg-size:cover;--awb-width-large:50%;--awb-margin-top-large:20px;--awb-spacing-right-large:3.84%;--awb-margin-bottom-large:20px;--awb-spacing-left-large:3.84%;--awb-width-medium:50%;--awb-order-medium:0;--awb-spacing-right-medium:3.84%;--awb-spacing-left-medium:3.84%;--awb-width-small:100%;--awb-order-small:0;--awb-spacing-right-small:1.92%;--awb-spacing-left-small:1.92%;\" data-scroll-devices=\"small-visibility,medium-visibility,large-visibility\"><div class=\"fusion-column-wrapper fusion-column-has-shadow fusion-flex-justify-content-flex-start fusion-content-layout-column\"><div ><a class=\"fusion-button button-flat button-large button-default fusion-button-default button-2 fusion-button-span-yes fusion-button-default-type\" target=\"_blank\" rel=\"noopener noreferrer\" href=\"https:\/\/www.gestingral.com\/wp-content\/uploads\/2025\/11\/Novedades_en_la_facturacion.pdf\"><span class=\"fusion-button-text awb-button__text awb-button__text--default\">ACCEDER AL DOCUMENTO CON TODA LA INFORMACI\u00d3N<\/span><\/a><\/div><\/div><\/div><\/div><\/div><div class=\"fusion-fullwidth fullwidth-box fusion-builder-row-3 fusion-flex-container has-pattern-background has-mask-background nonhundred-percent-fullwidth non-hundred-percent-height-scrolling\" style=\"--awb-border-radius-top-left:0px;--awb-border-radius-top-right:0px;--awb-border-radius-bottom-right:0px;--awb-border-radius-bottom-left:0px;--awb-flex-wrap:wrap;\" ><div class=\"fusion-builder-row fusion-row fusion-flex-align-items-flex-start fusion-flex-content-wrap\" style=\"max-width:1310.4px;margin-left: calc(-4% \/ 2 );margin-right: calc(-4% \/ 2 );\"><div class=\"fusion-layout-column fusion_builder_column fusion-builder-column-3 fusion_builder_column_1_1 1_1 fusion-flex-column\" style=\"--awb-bg-size:cover;--awb-width-large:100%;--awb-margin-top-large:20px;--awb-spacing-right-large:1.92%;--awb-margin-bottom-large:20px;--awb-spacing-left-large:1.92%;--awb-width-medium:100%;--awb-order-medium:0;--awb-spacing-right-medium:1.92%;--awb-spacing-left-medium:1.92%;--awb-width-small:100%;--awb-order-small:0;--awb-spacing-right-small:1.92%;--awb-spacing-left-small:1.92%;\"><div class=\"fusion-column-wrapper fusion-column-has-shadow fusion-flex-justify-content-flex-start fusion-content-layout-column\"><div class=\"fusion-video fusion-youtube\" style=\"--awb-max-width:600px;--awb-max-height:360px;--awb-align-self:center;--awb-width:100%;\"><div class=\"video-shortcode\"><div class=\"fluid-width-video-wrapper\" style=\"padding-top:60%;\" ><iframe title=\"YouTube video player 1\" src=\"https:\/\/www.youtube.com\/embed\/vUFtf64GNsg?wmode=transparent&autoplay=0\" width=\"600\" height=\"360\" allowfullscreen allow=\"autoplay; clipboard-write; encrypted-media; gyroscope; picture-in-picture;\"><\/iframe><\/div><\/div><\/div><\/div><\/div><\/div><\/div><div class=\"fusion-fullwidth fullwidth-box fusion-builder-row-4 fusion-flex-container has-pattern-background has-mask-background nonhundred-percent-fullwidth non-hundred-percent-height-scrolling\" style=\"--awb-border-radius-top-left:0px;--awb-border-radius-top-right:0px;--awb-border-radius-bottom-right:0px;--awb-border-radius-bottom-left:0px;--awb-flex-wrap:wrap;\" ><div class=\"fusion-builder-row fusion-row fusion-flex-align-items-flex-start fusion-flex-content-wrap\" style=\"max-width:1310.4px;margin-left: calc(-4% \/ 2 );margin-right: calc(-4% \/ 2 );\"><div class=\"fusion-layout-column fusion_builder_column fusion-builder-column-4 fusion_builder_column_1_1 1_1 fusion-flex-column\" style=\"--awb-bg-size:cover;--awb-width-large:100%;--awb-margin-top-large:20px;--awb-spacing-right-large:1.92%;--awb-margin-bottom-large:20px;--awb-spacing-left-large:1.92%;--awb-width-medium:100%;--awb-order-medium:0;--awb-spacing-right-medium:1.92%;--awb-spacing-left-medium:1.92%;--awb-width-small:100%;--awb-order-small:0;--awb-spacing-right-small:1.92%;--awb-spacing-left-small:1.92%;\"><div class=\"fusion-column-wrapper fusion-column-has-shadow fusion-flex-justify-content-flex-start fusion-content-layout-column\"><div class=\"fusion-text fusion-text-2\"><h3 style=\"text-align: center;\">\ud83d\udd39 <strong>Descobreix el nostre software de facturaci\u00f3 per nom\u00e9s 6\u20ac al mes: <span style=\"text-decoration: underline;\"><a href=\"https:\/\/www.gestingral.com\/es\/portal-facturas\/\">Portal factures<\/a> <\/span>\ud83d\udd39<\/strong><\/h3>\n<h3><strong>Pide cita y prep\u00e1rate ahora!<\/strong><\/h3>\n<p>\ud83d\udcde <strong>Tel\u00e9fono:<\/strong> <a href=\"tel:938141687\">93 814 16 87<\/a><br \/>\n\ud83d\udcac <strong>WhatsApp:<\/strong> <a href=\"https:\/\/wa.me\/34629252222\">629 25 22 22<\/a><br \/>\n\ud83d\udce7 <strong>Email:<\/strong> <a href=\"mailto:info@gestingral.com\" rel=\"noopener\">info@gestingral.com<\/a><br \/>\n\ud83c\udfe2 <strong>Visitanos:<\/strong> <a href=\"https:\/\/maps.gestingral.com\/\">C\/San Sebasti\u00e1n, 18 Vilanova i la Geltr\u00fa<\/a><\/p>\n<\/div><\/div><\/div><\/div><\/div><\/p>\n","protected":false},"excerpt":{"rendered":"","protected":false},"author":16,"featured_media":0,"parent":0,"menu_order":0,"comment_status":"closed","ping_status":"closed","template":"","meta":{"footnotes":""},"class_list":["post-16958","page","type-page","status-publish","hentry"],"yoast_head":"<!-- This site is optimized with the Yoast SEO plugin v27.4 - https:\/\/yoast.com\/product\/yoast-seo-wordpress\/ -->\n<title>Informaci\u00f3n sobre nueva normativa facturaci\u00f3n, todo lo que hay que saber &#8226; Gestingral Assessoria a Vilanova i la Geltr\u00fa.<\/title>\n<meta name=\"description\" content=\"Se acerca una revoluci\u00f3n para empresas y aut\u00f3nomos y es necesario que est\u00e9n preparados. Te ayudamos a tener toda la informaci\u00f3n sobre factura electr\u00f3nica\" \/>\n<meta name=\"robots\" content=\"index, follow, max-snippet:-1, max-image-preview:large, max-video-preview:-1\" \/>\n<link rel=\"canonical\" href=\"https:\/\/www.gestingral.com\/es\/novedades-facturacion\/\" \/>\n<meta property=\"og:locale\" content=\"es_ES\" \/>\n<meta property=\"og:type\" content=\"article\" \/>\n<meta property=\"og:title\" content=\"Informaci\u00f3n sobre nueva normativa facturaci\u00f3n, todo lo que hay que saber &#8226; Gestingral Assessoria a Vilanova i la Geltr\u00fa.\" \/>\n<meta property=\"og:description\" content=\"Se acerca una revoluci\u00f3n para empresas y aut\u00f3nomos y es necesario que est\u00e9n preparados. Te ayudamos a tener toda la informaci\u00f3n sobre factura electr\u00f3nica\" \/>\n<meta property=\"og:url\" content=\"https:\/\/www.gestingral.com\/es\/novedades-facturacion\/\" \/>\n<meta property=\"og:site_name\" content=\"Gestingral Assessoria a Vilanova i la Geltr\u00fa.\" \/>\n<meta property=\"article:publisher\" content=\"https:\/\/www.facebook.com\/Gestingral\" \/>\n<meta property=\"article:modified_time\" content=\"2025-11-06T08:55:09+00:00\" \/>\n<meta name=\"twitter:card\" content=\"summary_large_image\" \/>\n<meta name=\"twitter:site\" content=\"@gestingral\" \/>\n<meta name=\"twitter:label1\" content=\"Tiempo de lectura\" \/>\n\t<meta name=\"twitter:data1\" content=\"2 minutos\" \/>\n<script type=\"application\/ld+json\" class=\"yoast-schema-graph\">{\"@context\":\"https:\\\/\\\/schema.org\",\"@graph\":[{\"@type\":\"WebPage\",\"@id\":\"https:\\\/\\\/www.gestingral.com\\\/es\\\/novedades-facturacion\\\/\",\"url\":\"https:\\\/\\\/www.gestingral.com\\\/es\\\/novedades-facturacion\\\/\",\"name\":\"Informaci\u00f3n sobre nueva normativa facturaci\u00f3n, todo lo que hay que saber &#8226; Gestingral Assessoria a Vilanova i la Geltr\u00fa.\",\"isPartOf\":{\"@id\":\"https:\\\/\\\/www.gestingral.com\\\/es\\\/#website\"},\"datePublished\":\"2025-01-31T12:25:15+00:00\",\"dateModified\":\"2025-11-06T08:55:09+00:00\",\"description\":\"Se acerca una revoluci\u00f3n para empresas y aut\u00f3nomos y es necesario que est\u00e9n preparados. Te ayudamos a tener toda la informaci\u00f3n sobre factura electr\u00f3nica\",\"breadcrumb\":{\"@id\":\"https:\\\/\\\/www.gestingral.com\\\/es\\\/novedades-facturacion\\\/#breadcrumb\"},\"inLanguage\":\"es\",\"potentialAction\":[{\"@type\":\"ReadAction\",\"target\":[\"https:\\\/\\\/www.gestingral.com\\\/es\\\/novedades-facturacion\\\/\"]}]},{\"@type\":\"BreadcrumbList\",\"@id\":\"https:\\\/\\\/www.gestingral.com\\\/es\\\/novedades-facturacion\\\/#breadcrumb\",\"itemListElement\":[{\"@type\":\"ListItem\",\"position\":1,\"name\":\"Portada\",\"item\":\"https:\\\/\\\/www.gestingral.com\\\/es\\\/\"},{\"@type\":\"ListItem\",\"position\":2,\"name\":\"Informaci\u00f3n sobre nueva normativa facturaci\u00f3n\"}]},{\"@type\":\"WebSite\",\"@id\":\"https:\\\/\\\/www.gestingral.com\\\/es\\\/#website\",\"url\":\"https:\\\/\\\/www.gestingral.com\\\/es\\\/\",\"name\":\"Gestingral Assessoria a Vilanova i la Geltr\u00fa.\",\"description\":\"Assessors - Consultors - Advocats\",\"publisher\":{\"@id\":\"https:\\\/\\\/www.gestingral.com\\\/es\\\/#organization\"},\"potentialAction\":[{\"@type\":\"SearchAction\",\"target\":{\"@type\":\"EntryPoint\",\"urlTemplate\":\"https:\\\/\\\/www.gestingral.com\\\/es\\\/?s={search_term_string}\"},\"query-input\":{\"@type\":\"PropertyValueSpecification\",\"valueRequired\":true,\"valueName\":\"search_term_string\"}}],\"inLanguage\":\"es\"},{\"@type\":\"Organization\",\"@id\":\"https:\\\/\\\/www.gestingral.com\\\/es\\\/#organization\",\"name\":\"Gestingral Assessoria\",\"url\":\"https:\\\/\\\/www.gestingral.com\\\/es\\\/\",\"logo\":{\"@type\":\"ImageObject\",\"inLanguage\":\"es\",\"@id\":\"https:\\\/\\\/www.gestingral.com\\\/es\\\/#\\\/schema\\\/logo\\\/image\\\/\",\"url\":\"https:\\\/\\\/www.gestingral.com\\\/wp-content\\\/uploads\\\/2021\\\/03\\\/gestingral-logo-retina.png\",\"contentUrl\":\"https:\\\/\\\/www.gestingral.com\\\/wp-content\\\/uploads\\\/2021\\\/03\\\/gestingral-logo-retina.png\",\"width\":340,\"height\":342,\"caption\":\"Gestingral Assessoria\"},\"image\":{\"@id\":\"https:\\\/\\\/www.gestingral.com\\\/es\\\/#\\\/schema\\\/logo\\\/image\\\/\"},\"sameAs\":[\"https:\\\/\\\/www.facebook.com\\\/Gestingral\",\"https:\\\/\\\/x.com\\\/gestingral\",\"https:\\\/\\\/www.instagram.com\\\/gestingral\",\"https:\\\/\\\/www.linkedin.com\\\/company\\\/gestingral\"]}]}<\/script>\n<!-- \/ Yoast SEO plugin. -->","yoast_head_json":{"title":"Informaci\u00f3n sobre nueva normativa facturaci\u00f3n, todo lo que hay que saber &#8226; Gestingral Assessoria a Vilanova i la Geltr\u00fa.","description":"Se acerca una revoluci\u00f3n para empresas y aut\u00f3nomos y es necesario que est\u00e9n preparados. Te ayudamos a tener toda la informaci\u00f3n sobre factura electr\u00f3nica","robots":{"index":"index","follow":"follow","max-snippet":"max-snippet:-1","max-image-preview":"max-image-preview:large","max-video-preview":"max-video-preview:-1"},"canonical":"https:\/\/www.gestingral.com\/es\/novedades-facturacion\/","og_locale":"es_ES","og_type":"article","og_title":"Informaci\u00f3n sobre nueva normativa facturaci\u00f3n, todo lo que hay que saber &#8226; Gestingral Assessoria a Vilanova i la Geltr\u00fa.","og_description":"Se acerca una revoluci\u00f3n para empresas y aut\u00f3nomos y es necesario que est\u00e9n preparados. Te ayudamos a tener toda la informaci\u00f3n sobre factura electr\u00f3nica","og_url":"https:\/\/www.gestingral.com\/es\/novedades-facturacion\/","og_site_name":"Gestingral Assessoria a Vilanova i la Geltr\u00fa.","article_publisher":"https:\/\/www.facebook.com\/Gestingral","article_modified_time":"2025-11-06T08:55:09+00:00","twitter_card":"summary_large_image","twitter_site":"@gestingral","twitter_misc":{"Tiempo de lectura":"2 minutos"},"schema":{"@context":"https:\/\/schema.org","@graph":[{"@type":"WebPage","@id":"https:\/\/www.gestingral.com\/es\/novedades-facturacion\/","url":"https:\/\/www.gestingral.com\/es\/novedades-facturacion\/","name":"Informaci\u00f3n sobre nueva normativa facturaci\u00f3n, todo lo que hay que saber &#8226; Gestingral Assessoria a Vilanova i la Geltr\u00fa.","isPartOf":{"@id":"https:\/\/www.gestingral.com\/es\/#website"},"datePublished":"2025-01-31T12:25:15+00:00","dateModified":"2025-11-06T08:55:09+00:00","description":"Se acerca una revoluci\u00f3n para empresas y aut\u00f3nomos y es necesario que est\u00e9n preparados. Te ayudamos a tener toda la informaci\u00f3n sobre factura electr\u00f3nica","breadcrumb":{"@id":"https:\/\/www.gestingral.com\/es\/novedades-facturacion\/#breadcrumb"},"inLanguage":"es","potentialAction":[{"@type":"ReadAction","target":["https:\/\/www.gestingral.com\/es\/novedades-facturacion\/"]}]},{"@type":"BreadcrumbList","@id":"https:\/\/www.gestingral.com\/es\/novedades-facturacion\/#breadcrumb","itemListElement":[{"@type":"ListItem","position":1,"name":"Portada","item":"https:\/\/www.gestingral.com\/es\/"},{"@type":"ListItem","position":2,"name":"Informaci\u00f3n sobre nueva normativa facturaci\u00f3n"}]},{"@type":"WebSite","@id":"https:\/\/www.gestingral.com\/es\/#website","url":"https:\/\/www.gestingral.com\/es\/","name":"Gestingral Assessoria a Vilanova i la Geltr\u00fa.","description":"Assessors - Consultors - Advocats","publisher":{"@id":"https:\/\/www.gestingral.com\/es\/#organization"},"potentialAction":[{"@type":"SearchAction","target":{"@type":"EntryPoint","urlTemplate":"https:\/\/www.gestingral.com\/es\/?s={search_term_string}"},"query-input":{"@type":"PropertyValueSpecification","valueRequired":true,"valueName":"search_term_string"}}],"inLanguage":"es"},{"@type":"Organization","@id":"https:\/\/www.gestingral.com\/es\/#organization","name":"Gestingral Assessoria","url":"https:\/\/www.gestingral.com\/es\/","logo":{"@type":"ImageObject","inLanguage":"es","@id":"https:\/\/www.gestingral.com\/es\/#\/schema\/logo\/image\/","url":"https:\/\/www.gestingral.com\/wp-content\/uploads\/2021\/03\/gestingral-logo-retina.png","contentUrl":"https:\/\/www.gestingral.com\/wp-content\/uploads\/2021\/03\/gestingral-logo-retina.png","width":340,"height":342,"caption":"Gestingral Assessoria"},"image":{"@id":"https:\/\/www.gestingral.com\/es\/#\/schema\/logo\/image\/"},"sameAs":["https:\/\/www.facebook.com\/Gestingral","https:\/\/x.com\/gestingral","https:\/\/www.instagram.com\/gestingral","https:\/\/www.linkedin.com\/company\/gestingral"]}]}},"_links":{"self":[{"href":"https:\/\/www.gestingral.com\/es\/wp-json\/wp\/v2\/pages\/16958","targetHints":{"allow":["GET"]}}],"collection":[{"href":"https:\/\/www.gestingral.com\/es\/wp-json\/wp\/v2\/pages"}],"about":[{"href":"https:\/\/www.gestingral.com\/es\/wp-json\/wp\/v2\/types\/page"}],"author":[{"embeddable":true,"href":"https:\/\/www.gestingral.com\/es\/wp-json\/wp\/v2\/users\/16"}],"replies":[{"embeddable":true,"href":"https:\/\/www.gestingral.com\/es\/wp-json\/wp\/v2\/comments?post=16958"}],"version-history":[{"count":43,"href":"https:\/\/www.gestingral.com\/es\/wp-json\/wp\/v2\/pages\/16958\/revisions"}],"predecessor-version":[{"id":18534,"href":"https:\/\/www.gestingral.com\/es\/wp-json\/wp\/v2\/pages\/16958\/revisions\/18534"}],"wp:attachment":[{"href":"https:\/\/www.gestingral.com\/es\/wp-json\/wp\/v2\/media?parent=16958"}],"curies":[{"name":"wp","href":"https:\/\/api.w.org\/{rel}","templated":true}]}}