{"id":14973,"date":"2022-12-29T21:03:44","date_gmt":"2022-12-29T20:03:44","guid":{"rendered":"https:\/\/www.gestingral.com\/software-de-control-horario-y-vacaciones\/"},"modified":"2024-06-12T16:21:31","modified_gmt":"2024-06-12T14:21:31","slug":"registro-horario","status":"publish","type":"page","link":"https:\/\/www.gestingral.com\/es\/registro-horario\/","title":{"rendered":"Software de control horario y vacaciones"},"content":{"rendered":"<p><div class=\"fusion-fullwidth fullwidth-box fusion-builder-row-1 fusion-flex-container nonhundred-percent-fullwidth non-hundred-percent-height-scrolling\" style=\"--link_hover_color: #15d16c;--link_color: #2cbc63;--awb-border-radius-top-left:0px;--awb-border-radius-top-right:0px;--awb-border-radius-bottom-right:0px;--awb-border-radius-bottom-left:0px;--awb-padding-top:0px;--awb-padding-bottom:0px;--awb-padding-top-medium:80px;--awb-padding-top-small:36px;--awb-padding-bottom-small:32px;--awb-flex-wrap:wrap;\" ><div class=\"fusion-builder-row fusion-row fusion-flex-align-items-flex-start fusion-flex-justify-content-center fusion-flex-content-wrap\" style=\"max-width:1310.4px;margin-left: calc(-4% \/ 2 );margin-right: calc(-4% \/ 2 );\"><div class=\"fusion-layout-column fusion_builder_column fusion-builder-column-0 fusion_builder_column_1_1 1_1 fusion-flex-column\" style=\"--awb-bg-size:cover;--awb-width-large:100%;--awb-margin-top-large:20px;--awb-spacing-right-large:0px;--awb-margin-bottom-large:30px;--awb-spacing-left-large:0px;--awb-width-medium:100%;--awb-order-medium:0;--awb-spacing-right-medium:0px;--awb-margin-bottom-medium:20px;--awb-spacing-left-medium:0px;--awb-width-small:100%;--awb-order-small:0;--awb-spacing-right-small:1.92%;--awb-margin-bottom-small:16px;--awb-spacing-left-small:1.92%;\"><div class=\"fusion-column-wrapper fusion-column-has-shadow fusion-flex-justify-content-flex-start fusion-content-layout-column\"><div class=\"fusion-title title fusion-title-1 fusion-sep-none fusion-title-center fusion-title-text fusion-title-size-two\" style=\"--awb-margin-top-small:10px;--awb-margin-right-small:0px;--awb-margin-bottom-small:20px;--awb-margin-left-small:0px;\"><h2 class=\"fusion-title-heading title-heading-center\" style=\"margin:0;\">Software de control horario y vacaciones<span style=\"color: #ff9900;\">.<\/span><\/h2><\/div><\/div><\/div><\/div><\/div><div class=\"fusion-fullwidth fullwidth-box fusion-builder-row-2 fusion-flex-container has-pattern-background has-mask-background nonhundred-percent-fullwidth non-hundred-percent-height-scrolling\" style=\"--awb-border-radius-top-left:0px;--awb-border-radius-top-right:0px;--awb-border-radius-bottom-right:0px;--awb-border-radius-bottom-left:0px;--awb-padding-top:0px;--awb-flex-wrap:wrap;\" ><div class=\"fusion-builder-row fusion-row fusion-flex-align-items-flex-start fusion-flex-content-wrap\" style=\"max-width:1310.4px;margin-left: calc(-4% \/ 2 );margin-right: calc(-4% \/ 2 );\"><div class=\"fusion-layout-column fusion_builder_column fusion-builder-column-1 fusion_builder_column_1_2 1_2 fusion-flex-column\" style=\"--awb-bg-size:cover;--awb-width-large:50%;--awb-margin-top-large:0px;--awb-spacing-right-large:3.84%;--awb-margin-bottom-large:0px;--awb-spacing-left-large:3.84%;--awb-width-medium:50%;--awb-order-medium:0;--awb-spacing-right-medium:3.84%;--awb-spacing-left-medium:3.84%;--awb-width-small:100%;--awb-order-small:0;--awb-spacing-right-small:1.92%;--awb-spacing-left-small:1.92%;\"><div class=\"fusion-column-wrapper fusion-column-has-shadow fusion-flex-justify-content-flex-start fusion-content-layout-column\"><div class=\"fusion-text fusion-text-1\" style=\"--awb-content-alignment:justify;\"><p>\u00bfTu empresa necesita un software para cumplir el <strong>registro horario<\/strong>? Aprovecha y contrata un software completo de planificaci\u00f3n de vacaciones, gestor de permisos, comunicaci\u00f3n interna, geolocalizaci\u00f3n, etc.<\/p>\n<\/div><div class=\"fusion-title title fusion-title-2 fusion-sep-none fusion-title-center fusion-title-text fusion-title-size-four\" style=\"--awb-margin-bottom:10%;--awb-margin-top-small:10px;--awb-margin-right-small:0px;--awb-margin-bottom-small:20px;--awb-margin-left-small:0px;\"><h4 class=\"fusion-title-heading title-heading-center\" style=\"margin:0;text-shadow:0px;\">S\u00f3lo 1,5\u20ac mensual por trabajador*<\/h4><\/div><div style=\"text-align:center;\"><a class=\"fusion-button button-flat fusion-button-default-size button-default fusion-button-default button-1 fusion-button-default-span fusion-button-default-type\" target=\"_blank\" rel=\"noopener noreferrer\" title=\"Env\u00edanos un email a laboral@gestingral.com\" aria-label=\"Env\u00edanos un email a laboral@gestingral.com\" href=\"mailto:laboral@gestingral.com\"><span class=\"fusion-button-text awb-button__text awb-button__text--default\">Env\u00edanos un email a laboral@gestingral.com<\/span><\/a><\/div><div class=\"fusion-text fusion-text-2\"><p style=\"line-height: 75%; text-align: center;\"><span style=\"font-size: small;\">*Configuraci\u00f3n inicial y formaci\u00f3n 150\u20ac<\/span><br \/>\n<span style=\"font-size: small;\">*Se factura un m\u00ednimo de 10 \u20ac mensuales<\/span><\/p>\n<\/div><\/div><\/div><div class=\"fusion-layout-column fusion_builder_column fusion-builder-column-2 fusion_builder_column_1_2 1_2 fusion-flex-column\" style=\"--awb-bg-size:cover;--awb-width-large:50%;--awb-margin-top-large:10px;--awb-spacing-right-large:3.84%;--awb-margin-bottom-large:0px;--awb-spacing-left-large:3.84%;--awb-width-medium:50%;--awb-order-medium:0;--awb-spacing-right-medium:3.84%;--awb-spacing-left-medium:3.84%;--awb-width-small:100%;--awb-order-small:0;--awb-spacing-right-small:1.92%;--awb-spacing-left-small:1.92%;\"><div class=\"fusion-column-wrapper fusion-column-has-shadow fusion-flex-justify-content-flex-start fusion-content-layout-column\"><div class=\"fusion-video fusion-youtube\" style=\"--awb-max-width:600px;--awb-max-height:360px;--awb-align-self:center;--awb-width:100%;\"><div class=\"video-shortcode\"><div class=\"fluid-width-video-wrapper\" style=\"padding-top:60%;\" ><iframe title=\"YouTube video player 1\" src=\"https:\/\/www.youtube.com\/embed\/0Wuw9sS6LuU?wmode=transparent&autoplay=0\" width=\"600\" height=\"360\" allowfullscreen allow=\"autoplay; clipboard-write; encrypted-media; gyroscope; picture-in-picture;\"><\/iframe><\/div><\/div><\/div><\/div><\/div><div class=\"fusion-layout-column fusion_builder_column fusion-builder-column-3 fusion_builder_column_1_3 1_3 fusion-flex-column fusion-flex-align-self-center\" style=\"--awb-bg-size:cover;--awb-width-large:33.333333333333%;--awb-margin-top-large:20px;--awb-spacing-right-large:5.76%;--awb-margin-bottom-large:20px;--awb-spacing-left-large:5.76%;--awb-width-medium:33.333333333333%;--awb-order-medium:0;--awb-spacing-right-medium:5.76%;--awb-spacing-left-medium:5.76%;--awb-width-small:100%;--awb-order-small:0;--awb-spacing-right-small:1.92%;--awb-spacing-left-small:1.92%;\"><div class=\"fusion-column-wrapper fusion-column-has-shadow fusion-flex-justify-content-center fusion-content-layout-column\"><i class=\"fb-icon-element-1 fb-icon-element fontawesome-icon icon-accountant-thumbs-up circle-no icon-hover-animation-slide\" style=\"--awb-font-size:32px;--awb-margin-top:0;--awb-margin-right:0;--awb-margin-bottom:0;--awb-margin-left:0;--awb-align-self:center;\"><\/i><div class=\"fusion-text fusion-text-3\" style=\"--awb-content-alignment:center;\"><h3 class=\"elementor-cta__title elementor-cta__content-item elementor-content-item\">Atenci\u00f3n al cliente<\/h3>\n<\/div><div class=\"fusion-text fusion-text-4\" style=\"--awb-content-alignment:center;\"><p>Buz\u00f3n de atenci\u00f3n al cliente vinculado al sistema de gesti\u00f3n de recursos humanos<\/p>\n<\/div><\/div><\/div><div class=\"fusion-layout-column fusion_builder_column fusion-builder-column-4 fusion_builder_column_1_3 1_3 fusion-flex-column fusion-flex-align-self-center\" style=\"--awb-bg-size:cover;--awb-width-large:33.333333333333%;--awb-margin-top-large:20px;--awb-spacing-right-large:5.76%;--awb-margin-bottom-large:20px;--awb-spacing-left-large:5.76%;--awb-width-medium:33.333333333333%;--awb-order-medium:0;--awb-spacing-right-medium:5.76%;--awb-spacing-left-medium:5.76%;--awb-width-small:100%;--awb-order-small:0;--awb-spacing-right-small:1.92%;--awb-spacing-left-small:1.92%;\"><div class=\"fusion-column-wrapper fusion-column-has-shadow fusion-flex-justify-content-center fusion-content-layout-column\"><i class=\"fb-icon-element-2 fb-icon-element fontawesome-icon icon-accountant-exchange circle-no icon-hover-animation-slide\" style=\"--awb-font-size:32px;--awb-margin-top:0;--awb-margin-right:0;--awb-margin-bottom:0;--awb-margin-left:0;--awb-align-self:center;\"><\/i><div class=\"fusion-text fusion-text-5\" style=\"--awb-content-alignment:center;\"><h3 class=\"elementor-cta__title elementor-cta__content-item elementor-content-item\">Control de acceso<\/h3>\n<\/div><div class=\"fusion-text fusion-text-6\" style=\"--awb-content-alignment:center;\"><p>Registro de entrada y salida de visitantes con m\u00f3dulo de encuestas de valoraci\u00f3n de instalaciones y atenci\u00f3n<\/p>\n<\/div><\/div><\/div><div class=\"fusion-layout-column fusion_builder_column fusion-builder-column-5 fusion_builder_column_1_3 1_3 fusion-flex-column fusion-flex-align-self-center\" style=\"--awb-bg-size:cover;--awb-width-large:33.333333333333%;--awb-margin-top-large:20px;--awb-spacing-right-large:5.76%;--awb-margin-bottom-large:20px;--awb-spacing-left-large:5.76%;--awb-width-medium:33.333333333333%;--awb-order-medium:0;--awb-spacing-right-medium:5.76%;--awb-spacing-left-medium:5.76%;--awb-width-small:100%;--awb-order-small:0;--awb-spacing-right-small:1.92%;--awb-spacing-left-small:1.92%;\"><div class=\"fusion-column-wrapper fusion-column-has-shadow fusion-flex-justify-content-center fusion-content-layout-column\"><i class=\"fb-icon-element-3 fb-icon-element fontawesome-icon icon-accountant-time circle-no icon-hover-animation-slide\" style=\"--awb-font-size:32px;--awb-margin-top:0;--awb-margin-right:0;--awb-margin-bottom:0;--awb-margin-left:0;--awb-align-self:center;\"><\/i><div class=\"fusion-text fusion-text-7\" style=\"--awb-content-alignment:center;\"><h3 class=\"elementor-cta__title elementor-cta__content-item elementor-content-item\">Registro de jornada laboral<\/h3>\n<\/div><div class=\"fusion-text fusion-text-8\" style=\"--awb-content-alignment:center;\"><p>Control horario para el registro de jornada laboral, con m\u00f3dulo de visualizaci\u00f3n de hist\u00f3rico de marcajes y de notificaciones en RR. HH.<\/p>\n<\/div><\/div><\/div><div class=\"fusion-layout-column fusion_builder_column fusion-builder-column-6 fusion_builder_column_1_3 1_3 fusion-flex-column\" style=\"--awb-bg-size:cover;--awb-width-large:33.333333333333%;--awb-margin-top-large:20px;--awb-spacing-right-large:5.76%;--awb-margin-bottom-large:20px;--awb-spacing-left-large:5.76%;--awb-width-medium:33.333333333333%;--awb-order-medium:0;--awb-spacing-right-medium:5.76%;--awb-spacing-left-medium:5.76%;--awb-width-small:100%;--awb-order-small:0;--awb-spacing-right-small:1.92%;--awb-spacing-left-small:1.92%;\"><div class=\"fusion-column-wrapper fusion-column-has-shadow fusion-flex-justify-content-flex-start fusion-content-layout-column\"><i class=\"fb-icon-element-4 fb-icon-element fontawesome-icon icon-accountant-map circle-no icon-hover-animation-slide\" style=\"--awb-font-size:32px;--awb-margin-top:0;--awb-margin-right:0;--awb-margin-bottom:0;--awb-margin-left:0;--awb-align-self:center;\"><\/i><div class=\"fusion-text fusion-text-9\" style=\"--awb-content-alignment:center;\"><h3 class=\"elementor-cta__title elementor-cta__content-item elementor-content-item\">Geolocalizaci\u00f3n<\/h3>\n<\/div><div class=\"fusion-text fusion-text-10\" style=\"--awb-content-alignment:center;\"><p>Sistema de fichaje con geolocalizaci\u00f3n que aumenta la fiabilidad del control horario<\/p>\n<\/div><\/div><\/div><div class=\"fusion-layout-column fusion_builder_column fusion-builder-column-7 fusion_builder_column_1_3 1_3 fusion-flex-column\" style=\"--awb-bg-size:cover;--awb-width-large:33.333333333333%;--awb-margin-top-large:20px;--awb-spacing-right-large:5.76%;--awb-margin-bottom-large:20px;--awb-spacing-left-large:5.76%;--awb-width-medium:33.333333333333%;--awb-order-medium:0;--awb-spacing-right-medium:5.76%;--awb-spacing-left-medium:5.76%;--awb-width-small:100%;--awb-order-small:0;--awb-spacing-right-small:1.92%;--awb-spacing-left-small:1.92%;\"><div class=\"fusion-column-wrapper fusion-column-has-shadow fusion-flex-justify-content-flex-start fusion-content-layout-column\"><i class=\"fb-icon-element-5 fb-icon-element fontawesome-icon icon-accountant-check circle-no icon-hover-animation-slide\" style=\"--awb-font-size:32px;--awb-margin-top:0;--awb-margin-right:0;--awb-margin-bottom:0;--awb-margin-left:0;--awb-align-self:center;\"><\/i><div class=\"fusion-text fusion-text-11\" style=\"--awb-content-alignment:center;\"><h3 class=\"elementor-cta__title elementor-cta__content-item elementor-content-item\">Gesti\u00f3n de vacaciones<\/h3>\n<\/div><div class=\"fusion-text fusion-text-12\" style=\"--awb-content-alignment:center;\"><p>Permite a los trabajadores solicitar vacaciones simplificando los procesos y optimizando el tiempo de gesti\u00f3n<\/p>\n<\/div><\/div><\/div><div class=\"fusion-layout-column fusion_builder_column fusion-builder-column-8 fusion_builder_column_1_3 1_3 fusion-flex-column fusion-flex-align-self-center\" style=\"--awb-bg-size:cover;--awb-width-large:33.333333333333%;--awb-margin-top-large:20px;--awb-spacing-right-large:5.76%;--awb-margin-bottom-large:20px;--awb-spacing-left-large:5.76%;--awb-width-medium:33.333333333333%;--awb-order-medium:0;--awb-spacing-right-medium:5.76%;--awb-spacing-left-medium:5.76%;--awb-width-small:100%;--awb-order-small:0;--awb-spacing-right-small:1.92%;--awb-spacing-left-small:1.92%;\"><div class=\"fusion-column-wrapper fusion-column-has-shadow fusion-flex-justify-content-center fusion-content-layout-column\"><i class=\"fb-icon-element-6 fb-icon-element fontawesome-icon icon-accountant-download circle-no icon-hover-animation-slide\" style=\"--awb-font-size:32px;--awb-margin-top:0;--awb-margin-right:0;--awb-margin-bottom:0;--awb-margin-left:0;--awb-align-self:center;\"><\/i><div class=\"fusion-text fusion-text-13\" style=\"--awb-content-alignment:center;\"><h3 class=\"elementor-cta__title elementor-cta__content-item elementor-content-item\">Gestor de permisos y ausencias<\/h3>\n<\/div><div class=\"fusion-text fusion-text-14\" style=\"--awb-content-alignment:center;\"><p>Optimiza la solicitud de permisos remunerados y no remunerados<\/p>\n<\/div><\/div><\/div><div class=\"fusion-layout-column fusion_builder_column fusion-builder-column-9 fusion_builder_column_1_3 1_3 fusion-flex-column\" style=\"--awb-bg-size:cover;--awb-width-large:33.333333333333%;--awb-margin-top-large:20px;--awb-spacing-right-large:5.76%;--awb-margin-bottom-large:20px;--awb-spacing-left-large:5.76%;--awb-width-medium:33.333333333333%;--awb-order-medium:0;--awb-spacing-right-medium:5.76%;--awb-spacing-left-medium:5.76%;--awb-width-small:100%;--awb-order-small:0;--awb-spacing-right-small:1.92%;--awb-spacing-left-small:1.92%;\"><div class=\"fusion-column-wrapper fusion-column-has-shadow fusion-flex-justify-content-flex-start fusion-content-layout-column\"><i class=\"fb-icon-element-7 fb-icon-element fontawesome-icon icon-accountant-audit circle-no icon-hover-animation-slide\" style=\"--awb-font-size:32px;--awb-margin-top:0;--awb-margin-right:0;--awb-margin-bottom:0;--awb-margin-left:0;--awb-align-self:center;\"><\/i><div class=\"fusion-text fusion-text-15\" style=\"--awb-content-alignment:center;\"><h3 class=\"elementor-cta__title elementor-cta__content-item elementor-content-item\">Calendario global<\/h3>\n<\/div><div class=\"fusion-text fusion-text-16\" style=\"--awb-content-alignment:center;\"><p>Permite a los usuarios conocer el estado de los permisos, las vacaciones y las bolsas de horas extras<\/p>\n<\/div><\/div><\/div><div class=\"fusion-layout-column fusion_builder_column fusion-builder-column-10 fusion_builder_column_1_3 1_3 fusion-flex-column\" style=\"--awb-bg-size:cover;--awb-width-large:33.333333333333%;--awb-margin-top-large:20px;--awb-spacing-right-large:5.76%;--awb-margin-bottom-large:20px;--awb-spacing-left-large:5.76%;--awb-width-medium:33.333333333333%;--awb-order-medium:0;--awb-spacing-right-medium:5.76%;--awb-spacing-left-medium:5.76%;--awb-width-small:100%;--awb-order-small:0;--awb-spacing-right-small:1.92%;--awb-spacing-left-small:1.92%;\"><div class=\"fusion-column-wrapper fusion-column-has-shadow fusion-flex-justify-content-flex-start fusion-content-layout-column\"><i class=\"fb-icon-element-8 fb-icon-element fontawesome-icon icon-share circle-no icon-hover-animation-slide\" style=\"--awb-font-size:32px;--awb-margin-top:0;--awb-margin-right:0;--awb-margin-bottom:0;--awb-margin-left:0;--awb-align-self:center;\"><\/i><div class=\"fusion-text fusion-text-17\" style=\"--awb-content-alignment:center;\"><h3 class=\"elementor-cta__title elementor-cta__content-item elementor-content-item\">Env\u00edo de justificantes<\/h3>\n<\/div><div class=\"fusion-text fusion-text-18\" style=\"--awb-content-alignment:center;\"><p>M\u00f3dulo adicional para el env\u00edo de justificantes de permisos personales y de incapacidades temporales<\/p>\n<\/div><\/div><\/div><div class=\"fusion-layout-column fusion_builder_column fusion-builder-column-11 fusion_builder_column_1_3 1_3 fusion-flex-column\" style=\"--awb-bg-size:cover;--awb-width-large:33.333333333333%;--awb-margin-top-large:20px;--awb-spacing-right-large:5.76%;--awb-margin-bottom-large:20px;--awb-spacing-left-large:5.76%;--awb-width-medium:33.333333333333%;--awb-order-medium:0;--awb-spacing-right-medium:5.76%;--awb-spacing-left-medium:5.76%;--awb-width-small:100%;--awb-order-small:0;--awb-spacing-right-small:1.92%;--awb-spacing-left-small:1.92%;\"><div class=\"fusion-column-wrapper fusion-column-has-shadow fusion-flex-justify-content-flex-start fusion-content-layout-column\"><i class=\"fb-icon-element-9 fb-icon-element fontawesome-icon icon-accountant-customers circle-no icon-hover-animation-slide\" style=\"--awb-font-size:32px;--awb-margin-top:0;--awb-margin-right:0;--awb-margin-bottom:0;--awb-margin-left:0;--awb-align-self:center;\"><\/i><div class=\"fusion-text fusion-text-19\" style=\"--awb-content-alignment:center;\"><h3 class=\"elementor-cta__title elementor-cta__content-item elementor-content-item\">Comunicaci\u00f3n interna<\/h3>\n<\/div><div class=\"fusion-text fusion-text-20\" style=\"--awb-content-alignment:center;\"><p>Sistema integrado que facilita la comunicaci\u00f3n entre trabajador y equipos de gesti\u00f3n de recursos humanos<\/p>\n<\/div><\/div><\/div><\/div><\/div><\/p>\n","protected":false},"excerpt":{"rendered":"","protected":false},"author":6,"featured_media":0,"parent":0,"menu_order":0,"comment_status":"closed","ping_status":"open","template":"","meta":{"footnotes":""},"class_list":["post-14973","page","type-page","status-publish","hentry"],"yoast_head":"<!-- This site is optimized with the Yoast SEO plugin v27.3 - https:\/\/yoast.com\/product\/yoast-seo-wordpress\/ -->\n<title>Software de control horario y vacaciones &#8226; Gestingral Assessoria a Vilanova i la Geltr\u00fa.<\/title>\n<meta name=\"robots\" content=\"index, follow, max-snippet:-1, max-image-preview:large, max-video-preview:-1\" \/>\n<link rel=\"canonical\" href=\"https:\/\/www.gestingral.com\/es\/registro-horario\/\" \/>\n<meta property=\"og:locale\" content=\"es_ES\" \/>\n<meta property=\"og:type\" content=\"article\" \/>\n<meta property=\"og:title\" content=\"Software de control horario y vacaciones &#8226; Gestingral Assessoria a Vilanova i la Geltr\u00fa.\" \/>\n<meta property=\"og:url\" content=\"https:\/\/www.gestingral.com\/es\/registro-horario\/\" \/>\n<meta property=\"og:site_name\" content=\"Gestingral Assessoria a Vilanova i la Geltr\u00fa.\" \/>\n<meta property=\"article:publisher\" content=\"https:\/\/www.facebook.com\/Gestingral\" \/>\n<meta property=\"article:modified_time\" content=\"2024-06-12T14:21:31+00:00\" \/>\n<meta name=\"twitter:card\" content=\"summary_large_image\" \/>\n<meta name=\"twitter:site\" content=\"@gestingral\" \/>\n<meta name=\"twitter:label1\" content=\"Tiempo de lectura\" \/>\n\t<meta name=\"twitter:data1\" content=\"2 minutos\" \/>\n<script type=\"application\/ld+json\" class=\"yoast-schema-graph\">{\"@context\":\"https:\\\/\\\/schema.org\",\"@graph\":[{\"@type\":\"WebPage\",\"@id\":\"https:\\\/\\\/www.gestingral.com\\\/es\\\/registro-horario\\\/\",\"url\":\"https:\\\/\\\/www.gestingral.com\\\/es\\\/registro-horario\\\/\",\"name\":\"Software de control horario y vacaciones &#8226; Gestingral Assessoria a Vilanova i la Geltr\u00fa.\",\"isPartOf\":{\"@id\":\"https:\\\/\\\/www.gestingral.com\\\/es\\\/#website\"},\"datePublished\":\"2022-12-29T20:03:44+00:00\",\"dateModified\":\"2024-06-12T14:21:31+00:00\",\"breadcrumb\":{\"@id\":\"https:\\\/\\\/www.gestingral.com\\\/es\\\/registro-horario\\\/#breadcrumb\"},\"inLanguage\":\"es\",\"potentialAction\":[{\"@type\":\"ReadAction\",\"target\":[\"https:\\\/\\\/www.gestingral.com\\\/es\\\/registro-horario\\\/\"]}]},{\"@type\":\"BreadcrumbList\",\"@id\":\"https:\\\/\\\/www.gestingral.com\\\/es\\\/registro-horario\\\/#breadcrumb\",\"itemListElement\":[{\"@type\":\"ListItem\",\"position\":1,\"name\":\"Portada\",\"item\":\"https:\\\/\\\/www.gestingral.com\\\/es\\\/\"},{\"@type\":\"ListItem\",\"position\":2,\"name\":\"Software de control horario y vacaciones\"}]},{\"@type\":\"WebSite\",\"@id\":\"https:\\\/\\\/www.gestingral.com\\\/es\\\/#website\",\"url\":\"https:\\\/\\\/www.gestingral.com\\\/es\\\/\",\"name\":\"Gestingral Assessoria a Vilanova i la Geltr\u00fa.\",\"description\":\"Assessors - Consultors - Advocats\",\"publisher\":{\"@id\":\"https:\\\/\\\/www.gestingral.com\\\/es\\\/#organization\"},\"potentialAction\":[{\"@type\":\"SearchAction\",\"target\":{\"@type\":\"EntryPoint\",\"urlTemplate\":\"https:\\\/\\\/www.gestingral.com\\\/es\\\/?s={search_term_string}\"},\"query-input\":{\"@type\":\"PropertyValueSpecification\",\"valueRequired\":true,\"valueName\":\"search_term_string\"}}],\"inLanguage\":\"es\"},{\"@type\":\"Organization\",\"@id\":\"https:\\\/\\\/www.gestingral.com\\\/es\\\/#organization\",\"name\":\"Gestingral Assessoria\",\"url\":\"https:\\\/\\\/www.gestingral.com\\\/es\\\/\",\"logo\":{\"@type\":\"ImageObject\",\"inLanguage\":\"es\",\"@id\":\"https:\\\/\\\/www.gestingral.com\\\/es\\\/#\\\/schema\\\/logo\\\/image\\\/\",\"url\":\"https:\\\/\\\/www.gestingral.com\\\/wp-content\\\/uploads\\\/2021\\\/03\\\/gestingral-logo-retina.png\",\"contentUrl\":\"https:\\\/\\\/www.gestingral.com\\\/wp-content\\\/uploads\\\/2021\\\/03\\\/gestingral-logo-retina.png\",\"width\":340,\"height\":342,\"caption\":\"Gestingral Assessoria\"},\"image\":{\"@id\":\"https:\\\/\\\/www.gestingral.com\\\/es\\\/#\\\/schema\\\/logo\\\/image\\\/\"},\"sameAs\":[\"https:\\\/\\\/www.facebook.com\\\/Gestingral\",\"https:\\\/\\\/x.com\\\/gestingral\",\"https:\\\/\\\/www.instagram.com\\\/gestingral\",\"https:\\\/\\\/www.linkedin.com\\\/company\\\/gestingral\"]}]}<\/script>\n<!-- \/ Yoast SEO plugin. -->","yoast_head_json":{"title":"Software de control horario y vacaciones &#8226; Gestingral Assessoria a Vilanova i la Geltr\u00fa.","robots":{"index":"index","follow":"follow","max-snippet":"max-snippet:-1","max-image-preview":"max-image-preview:large","max-video-preview":"max-video-preview:-1"},"canonical":"https:\/\/www.gestingral.com\/es\/registro-horario\/","og_locale":"es_ES","og_type":"article","og_title":"Software de control horario y vacaciones &#8226; Gestingral Assessoria a Vilanova i la Geltr\u00fa.","og_url":"https:\/\/www.gestingral.com\/es\/registro-horario\/","og_site_name":"Gestingral Assessoria a Vilanova i la Geltr\u00fa.","article_publisher":"https:\/\/www.facebook.com\/Gestingral","article_modified_time":"2024-06-12T14:21:31+00:00","twitter_card":"summary_large_image","twitter_site":"@gestingral","twitter_misc":{"Tiempo de lectura":"2 minutos"},"schema":{"@context":"https:\/\/schema.org","@graph":[{"@type":"WebPage","@id":"https:\/\/www.gestingral.com\/es\/registro-horario\/","url":"https:\/\/www.gestingral.com\/es\/registro-horario\/","name":"Software de control horario y vacaciones &#8226; Gestingral Assessoria a Vilanova i la Geltr\u00fa.","isPartOf":{"@id":"https:\/\/www.gestingral.com\/es\/#website"},"datePublished":"2022-12-29T20:03:44+00:00","dateModified":"2024-06-12T14:21:31+00:00","breadcrumb":{"@id":"https:\/\/www.gestingral.com\/es\/registro-horario\/#breadcrumb"},"inLanguage":"es","potentialAction":[{"@type":"ReadAction","target":["https:\/\/www.gestingral.com\/es\/registro-horario\/"]}]},{"@type":"BreadcrumbList","@id":"https:\/\/www.gestingral.com\/es\/registro-horario\/#breadcrumb","itemListElement":[{"@type":"ListItem","position":1,"name":"Portada","item":"https:\/\/www.gestingral.com\/es\/"},{"@type":"ListItem","position":2,"name":"Software de control horario y vacaciones"}]},{"@type":"WebSite","@id":"https:\/\/www.gestingral.com\/es\/#website","url":"https:\/\/www.gestingral.com\/es\/","name":"Gestingral Assessoria a Vilanova i la Geltr\u00fa.","description":"Assessors - Consultors - Advocats","publisher":{"@id":"https:\/\/www.gestingral.com\/es\/#organization"},"potentialAction":[{"@type":"SearchAction","target":{"@type":"EntryPoint","urlTemplate":"https:\/\/www.gestingral.com\/es\/?s={search_term_string}"},"query-input":{"@type":"PropertyValueSpecification","valueRequired":true,"valueName":"search_term_string"}}],"inLanguage":"es"},{"@type":"Organization","@id":"https:\/\/www.gestingral.com\/es\/#organization","name":"Gestingral Assessoria","url":"https:\/\/www.gestingral.com\/es\/","logo":{"@type":"ImageObject","inLanguage":"es","@id":"https:\/\/www.gestingral.com\/es\/#\/schema\/logo\/image\/","url":"https:\/\/www.gestingral.com\/wp-content\/uploads\/2021\/03\/gestingral-logo-retina.png","contentUrl":"https:\/\/www.gestingral.com\/wp-content\/uploads\/2021\/03\/gestingral-logo-retina.png","width":340,"height":342,"caption":"Gestingral Assessoria"},"image":{"@id":"https:\/\/www.gestingral.com\/es\/#\/schema\/logo\/image\/"},"sameAs":["https:\/\/www.facebook.com\/Gestingral","https:\/\/x.com\/gestingral","https:\/\/www.instagram.com\/gestingral","https:\/\/www.linkedin.com\/company\/gestingral"]}]}},"_links":{"self":[{"href":"https:\/\/www.gestingral.com\/es\/wp-json\/wp\/v2\/pages\/14973","targetHints":{"allow":["GET"]}}],"collection":[{"href":"https:\/\/www.gestingral.com\/es\/wp-json\/wp\/v2\/pages"}],"about":[{"href":"https:\/\/www.gestingral.com\/es\/wp-json\/wp\/v2\/types\/page"}],"author":[{"embeddable":true,"href":"https:\/\/www.gestingral.com\/es\/wp-json\/wp\/v2\/users\/6"}],"replies":[{"embeddable":true,"href":"https:\/\/www.gestingral.com\/es\/wp-json\/wp\/v2\/comments?post=14973"}],"version-history":[{"count":14,"href":"https:\/\/www.gestingral.com\/es\/wp-json\/wp\/v2\/pages\/14973\/revisions"}],"predecessor-version":[{"id":16438,"href":"https:\/\/www.gestingral.com\/es\/wp-json\/wp\/v2\/pages\/14973\/revisions\/16438"}],"wp:attachment":[{"href":"https:\/\/www.gestingral.com\/es\/wp-json\/wp\/v2\/media?parent=14973"}],"curies":[{"name":"wp","href":"https:\/\/api.w.org\/{rel}","templated":true}]}}