{"id":17189,"date":"2025-03-25T13:30:45","date_gmt":"2025-03-25T12:30:45","guid":{"rendered":"https:\/\/www.gestingral.com\/electronic-invoicing\/"},"modified":"2025-10-23T13:03:56","modified_gmt":"2025-10-23T11:03:56","slug":"invoicing-news","status":"publish","type":"page","link":"https:\/\/www.gestingral.com\/en\/invoicing-news\/","title":{"rendered":"Informaci\u00f3 sobre nova normativa facturaci\u00f3"},"content":{"rendered":"<p><div class=\"fusion-fullwidth fullwidth-box fusion-builder-row-1 fusion-flex-container has-pattern-background has-mask-background nonhundred-percent-fullwidth non-hundred-percent-height-scrolling\" style=\"--awb-border-radius-top-left:0px;--awb-border-radius-top-right:0px;--awb-border-radius-bottom-right:0px;--awb-border-radius-bottom-left:0px;--awb-flex-wrap:wrap;\" ><div class=\"fusion-builder-row fusion-row fusion-flex-align-items-flex-start fusion-flex-content-wrap\" style=\"max-width:1310.4px;margin-left: calc(-4% \/ 2 );margin-right: calc(-4% \/ 2 );\"><div class=\"fusion-layout-column fusion_builder_column fusion-builder-column-0 fusion_builder_column_1_1 1_1 fusion-flex-column\" style=\"--awb-bg-size:cover;--awb-width-large:100%;--awb-margin-top-large:20px;--awb-spacing-right-large:1.92%;--awb-margin-bottom-large:20px;--awb-spacing-left-large:1.92%;--awb-width-medium:100%;--awb-order-medium:0;--awb-spacing-right-medium:1.92%;--awb-spacing-left-medium:1.92%;--awb-width-small:100%;--awb-order-small:0;--awb-spacing-right-small:1.92%;--awb-spacing-left-small:1.92%;\"><div class=\"fusion-column-wrapper fusion-column-has-shadow fusion-flex-justify-content-flex-start fusion-content-layout-column\"><div class=\"fusion-title title fusion-title-1 fusion-sep-none fusion-title-text fusion-title-size-one\" style=\"--awb-margin-top-small:10px;--awb-margin-right-small:0px;--awb-margin-bottom-small:20px;--awb-margin-left-small:0px;\"><h1 class=\"fusion-title-heading title-heading-left\" style=\"margin:0;\">Billing changes: Do you have the information you need?<\/h1><\/div><div class=\"fusion-text fusion-text-1\"><p><strong>Information on electronic invoicing:<\/strong><br \/>\nWe are starting a new stage in billing. Companies and self-employed workers must adapt to the regulatory changes that will come into force in the coming years. <\/p>\n<p>What many know as <strong>electronic invoicing<\/strong> is actually divided into <strong>three key regulations:<\/strong><\/p>\n<ul>\n<li><strong>Invoicing software requirements<\/strong>\n<ul>\n<li>The software used to make the invoices must meet a series of requirements (inalterability, traceability, accessibility, etc.).<\/li>\n<li>Programs such as Word or Excel do not meet these requirements!<\/li>\n<li>It comes into force in January 2026 for companies and in July 2026 for the rest of the self-employed.<\/li>\n<li>Penalties: Up to \u20ac50,000 for using non-adapted software.<\/li>\n<\/ul>\n<\/li>\n<li><strong>Verifactu:<\/strong> Voluntary for the moment, but expected to be mandatory in the future.<\/li>\n<li><strong>Mandatory electronic invoicing: <\/strong>Expected in 2 or 3 years, between companies and professionals.<\/li>\n<\/ul>\n<p>These regulations not only imply a change in <strong>invoicing software<\/strong>, but a new way of managing invoicing and tax compliance. Therefore, it is essential to have <strong>expert advice<\/strong> and information on electronic invoicing to help you make the best decisions. <\/p>\n<h3><strong>At Gestingral we offer you solutions adapted to the new regulations<\/strong><\/h3>\n<p>\ud83d\udd39 <strong>Personalised advice<\/strong>: We help you understand how changes in billing will affect you.<br \/>\n\ud83d\udd39 <strong>Implementation of invoicing programs<\/strong> adapted to current regulations and those to come in the coming years.<br \/>\n\ud83d\udd39 <strong>Tailor-made solutions for companies and self-employed<\/strong> workers in the Gran Pened\u00e8s.<\/p>\n<\/div><\/div><\/div><\/div><\/div><div class=\"fusion-fullwidth fullwidth-box fusion-builder-row-2 fusion-flex-container has-pattern-background has-mask-background nonhundred-percent-fullwidth non-hundred-percent-height-scrolling\" style=\"--awb-border-radius-top-left:0px;--awb-border-radius-top-right:0px;--awb-border-radius-bottom-right:0px;--awb-border-radius-bottom-left:0px;--awb-flex-wrap:wrap;\" ><div class=\"fusion-builder-row fusion-row fusion-flex-align-items-flex-start fusion-flex-content-wrap\" style=\"max-width:1310.4px;margin-left: calc(-4% \/ 2 );margin-right: calc(-4% \/ 2 );\"><div class=\"fusion-layout-column fusion_builder_column fusion-builder-column-1 fusion_builder_column_1_2 1_2 fusion-flex-column fusion-flex-align-self-center\" style=\"--awb-bg-size:cover;--awb-width-large:50%;--awb-margin-top-large:20px;--awb-spacing-right-large:3.84%;--awb-margin-bottom-large:20px;--awb-spacing-left-large:3.84%;--awb-width-medium:50%;--awb-order-medium:0;--awb-spacing-right-medium:3.84%;--awb-spacing-left-medium:3.84%;--awb-width-small:100%;--awb-order-small:0;--awb-spacing-right-small:1.92%;--awb-spacing-left-small:1.92%;\" data-scroll-devices=\"small-visibility,medium-visibility,large-visibility\"><div class=\"fusion-column-wrapper fusion-column-has-shadow fusion-flex-justify-content-flex-start fusion-content-layout-column\"><div ><a class=\"fusion-button button-flat button-large button-default fusion-button-default button-1 fusion-button-span-yes fusion-button-default-type\" target=\"_self\" href=\"https:\/\/outlook.office365.com\/book\/GESTINGRALSoftwarefacturaciVerifactuifacturaelectrnica@gestingral.com\/\"><span class=\"fusion-button-text awb-button__text awb-button__text--default\">MAKE AN APPOINTMENT WITH A SPECIALIZED ADVISOR<\/span><\/a><\/div><\/div><\/div><div class=\"fusion-layout-column fusion_builder_column fusion-builder-column-2 fusion_builder_column_1_2 1_2 fusion-flex-column fusion-flex-align-self-center\" style=\"--awb-bg-size:cover;--awb-width-large:50%;--awb-margin-top-large:20px;--awb-spacing-right-large:3.84%;--awb-margin-bottom-large:20px;--awb-spacing-left-large:3.84%;--awb-width-medium:50%;--awb-order-medium:0;--awb-spacing-right-medium:3.84%;--awb-spacing-left-medium:3.84%;--awb-width-small:100%;--awb-order-small:0;--awb-spacing-right-small:1.92%;--awb-spacing-left-small:1.92%;\" data-scroll-devices=\"small-visibility,medium-visibility,large-visibility\"><div class=\"fusion-column-wrapper fusion-column-has-shadow fusion-flex-justify-content-flex-start fusion-content-layout-column\"><div ><a class=\"fusion-button button-flat button-large button-default fusion-button-default button-2 fusion-button-span-yes fusion-button-default-type\" target=\"_blank\" rel=\"noopener noreferrer\" href=\"https:\/\/www.gestingral.com\/wp-content\/uploads\/2025\/10\/Canvis-facturacio-2026.pdf\"><span class=\"fusion-button-text awb-button__text awb-button__text--default\">ACCESS THE DOCUMENT WITH ALL THE INFORMATION<\/span><\/a><\/div><\/div><\/div><\/div><\/div><div class=\"fusion-fullwidth fullwidth-box fusion-builder-row-3 fusion-flex-container has-pattern-background has-mask-background nonhundred-percent-fullwidth non-hundred-percent-height-scrolling\" style=\"--awb-border-radius-top-left:0px;--awb-border-radius-top-right:0px;--awb-border-radius-bottom-right:0px;--awb-border-radius-bottom-left:0px;--awb-flex-wrap:wrap;\" ><div class=\"fusion-builder-row fusion-row fusion-flex-align-items-flex-start fusion-flex-content-wrap\" style=\"max-width:1310.4px;margin-left: calc(-4% \/ 2 );margin-right: calc(-4% \/ 2 );\"><div class=\"fusion-layout-column fusion_builder_column fusion-builder-column-3 fusion_builder_column_1_1 1_1 fusion-flex-column\" style=\"--awb-bg-size:cover;--awb-width-large:100%;--awb-margin-top-large:20px;--awb-spacing-right-large:1.92%;--awb-margin-bottom-large:20px;--awb-spacing-left-large:1.92%;--awb-width-medium:100%;--awb-order-medium:0;--awb-spacing-right-medium:1.92%;--awb-spacing-left-medium:1.92%;--awb-width-small:100%;--awb-order-small:0;--awb-spacing-right-small:1.92%;--awb-spacing-left-small:1.92%;\"><div class=\"fusion-column-wrapper fusion-column-has-shadow fusion-flex-justify-content-flex-start fusion-content-layout-column\"><div class=\"fusion-video fusion-youtube\" style=\"--awb-max-width:600px;--awb-max-height:360px;--awb-align-self:center;--awb-width:100%;\"><div class=\"video-shortcode\"><div class=\"fluid-width-video-wrapper\" style=\"padding-top:60%;\" ><iframe title=\"YouTube video player 1\" src=\"https:\/\/www.youtube.com\/embed\/vUFtf64GNsg?wmode=transparent&autoplay=0\" width=\"600\" height=\"360\" allowfullscreen allow=\"autoplay; clipboard-write; encrypted-media; gyroscope; picture-in-picture;\"><\/iframe><\/div><\/div><\/div><\/div><\/div><\/div><\/div><div class=\"fusion-fullwidth fullwidth-box fusion-builder-row-4 fusion-flex-container has-pattern-background has-mask-background nonhundred-percent-fullwidth non-hundred-percent-height-scrolling\" style=\"--awb-border-radius-top-left:0px;--awb-border-radius-top-right:0px;--awb-border-radius-bottom-right:0px;--awb-border-radius-bottom-left:0px;--awb-flex-wrap:wrap;\" ><div class=\"fusion-builder-row fusion-row fusion-flex-align-items-flex-start fusion-flex-content-wrap\" style=\"max-width:1310.4px;margin-left: calc(-4% \/ 2 );margin-right: calc(-4% \/ 2 );\"><div class=\"fusion-layout-column fusion_builder_column fusion-builder-column-4 fusion_builder_column_1_1 1_1 fusion-flex-column\" style=\"--awb-bg-size:cover;--awb-width-large:100%;--awb-margin-top-large:20px;--awb-spacing-right-large:1.92%;--awb-margin-bottom-large:20px;--awb-spacing-left-large:1.92%;--awb-width-medium:100%;--awb-order-medium:0;--awb-spacing-right-medium:1.92%;--awb-spacing-left-medium:1.92%;--awb-width-small:100%;--awb-order-small:0;--awb-spacing-right-small:1.92%;--awb-spacing-left-small:1.92%;\"><div class=\"fusion-column-wrapper fusion-column-has-shadow fusion-flex-justify-content-flex-start fusion-content-layout-column\"><div class=\"fusion-text fusion-text-2\"><h3 style=\"text-align: center;\">\ud83d\udd39 <strong>Descobreix el nostre software de facturaci\u00f3 per nom\u00e9s 6\u20ac al mes: <span style=\"text-decoration: underline;\"><a href=\"https:\/\/www.gestingral.com\/en\/invoice-portal\/\">Portal factures<\/a> <\/span>\ud83d\udd39<\/strong><\/h3>\n<h3><strong>Make an appointment and get ready now!<\/strong><\/h3>\n<p>\ud83d\udcde <g id=\"gid_0\">Phone:<\/g> <g id=\"gid_1\">93 814 16 87<\/g><x id=\"gid_2\"><\/x>\ud83d\udcac <g id=\"gid_3\">WhatsApp:<\/g> <g id=\"gid_4\">629 25 22 22<\/g><x id=\"gid_5\"><\/x>\ud83d\udce7 <g id=\"gid_6\">Email:<\/g> <g id=\"gid_7\">info@gestingral.com<\/g><x id=\"gid_8\"><\/x>\ud83c\udfe2 <strong>Visit us:<\/strong> <a href=\"https:\/\/maps.gestingral.com\/\">C\/Sant Sebasti\u00e0, 18 Vilanova i la Geltr\u00fa<\/a><\/p>\n<\/div><\/div><\/div><\/div><\/div><\/p>\n","protected":false},"excerpt":{"rendered":"","protected":false},"author":16,"featured_media":0,"parent":0,"menu_order":0,"comment_status":"closed","ping_status":"closed","template":"","meta":{"footnotes":""},"class_list":["post-17189","page","type-page","status-publish","hentry"],"yoast_head":"<!-- This site is optimized with the Yoast SEO plugin v27.4 - https:\/\/yoast.com\/product\/yoast-seo-wordpress\/ -->\n<title>Informaci\u00f3 sobre nova normativa facturaci\u00f3, everything you need to know &#8226; Gestingral Assessoria a Vilanova i la Geltr\u00fa.<\/title>\n<meta name=\"description\" content=\"A revolution is coming for companies and the self-employed and they need to be prepared. We help you to have all the information about electronic invoicing\" \/>\n<meta name=\"robots\" content=\"index, follow, max-snippet:-1, max-image-preview:large, max-video-preview:-1\" \/>\n<link rel=\"canonical\" href=\"https:\/\/www.gestingral.com\/en\/invoicing-news\/\" \/>\n<meta property=\"og:locale\" content=\"en_US\" \/>\n<meta property=\"og:type\" content=\"article\" \/>\n<meta property=\"og:title\" content=\"Informaci\u00f3 sobre nova normativa facturaci\u00f3, everything you need to know &#8226; Gestingral Assessoria a Vilanova i la Geltr\u00fa.\" \/>\n<meta property=\"og:description\" content=\"A revolution is coming for companies and the self-employed and they need to be prepared. We help you to have all the information about electronic invoicing\" \/>\n<meta property=\"og:url\" content=\"https:\/\/www.gestingral.com\/en\/invoicing-news\/\" \/>\n<meta property=\"og:site_name\" content=\"Gestingral Assessoria a Vilanova i la Geltr\u00fa.\" \/>\n<meta property=\"article:publisher\" content=\"https:\/\/www.facebook.com\/Gestingral\" \/>\n<meta property=\"article:modified_time\" content=\"2025-10-23T11:03:56+00:00\" \/>\n<meta name=\"twitter:card\" content=\"summary_large_image\" \/>\n<meta name=\"twitter:site\" content=\"@gestingral\" \/>\n<meta name=\"twitter:label1\" content=\"Est. reading time\" \/>\n\t<meta name=\"twitter:data1\" content=\"2 minutes\" \/>\n<script type=\"application\/ld+json\" class=\"yoast-schema-graph\">{\"@context\":\"https:\\\/\\\/schema.org\",\"@graph\":[{\"@type\":\"WebPage\",\"@id\":\"https:\\\/\\\/www.gestingral.com\\\/en\\\/invoicing-news\\\/\",\"url\":\"https:\\\/\\\/www.gestingral.com\\\/en\\\/invoicing-news\\\/\",\"name\":\"Informaci\u00f3 sobre nova normativa facturaci\u00f3, everything you need to know &#8226; Gestingral Assessoria a Vilanova i la Geltr\u00fa.\",\"isPartOf\":{\"@id\":\"https:\\\/\\\/www.gestingral.com\\\/en\\\/#website\"},\"datePublished\":\"2025-03-25T12:30:45+00:00\",\"dateModified\":\"2025-10-23T11:03:56+00:00\",\"description\":\"A revolution is coming for companies and the self-employed and they need to be prepared. We help you to have all the information about electronic invoicing\",\"breadcrumb\":{\"@id\":\"https:\\\/\\\/www.gestingral.com\\\/en\\\/invoicing-news\\\/#breadcrumb\"},\"inLanguage\":\"en-US\",\"potentialAction\":[{\"@type\":\"ReadAction\",\"target\":[\"https:\\\/\\\/www.gestingral.com\\\/en\\\/invoicing-news\\\/\"]}]},{\"@type\":\"BreadcrumbList\",\"@id\":\"https:\\\/\\\/www.gestingral.com\\\/en\\\/invoicing-news\\\/#breadcrumb\",\"itemListElement\":[{\"@type\":\"ListItem\",\"position\":1,\"name\":\"Portada\",\"item\":\"https:\\\/\\\/www.gestingral.com\\\/en\\\/\"},{\"@type\":\"ListItem\",\"position\":2,\"name\":\"Informaci\u00f3 sobre nova normativa facturaci\u00f3\"}]},{\"@type\":\"WebSite\",\"@id\":\"https:\\\/\\\/www.gestingral.com\\\/en\\\/#website\",\"url\":\"https:\\\/\\\/www.gestingral.com\\\/en\\\/\",\"name\":\"Gestingral Assessoria a Vilanova i la Geltr\u00fa.\",\"description\":\"Assessors - Consultors - Advocats\",\"publisher\":{\"@id\":\"https:\\\/\\\/www.gestingral.com\\\/en\\\/#organization\"},\"potentialAction\":[{\"@type\":\"SearchAction\",\"target\":{\"@type\":\"EntryPoint\",\"urlTemplate\":\"https:\\\/\\\/www.gestingral.com\\\/en\\\/?s={search_term_string}\"},\"query-input\":{\"@type\":\"PropertyValueSpecification\",\"valueRequired\":true,\"valueName\":\"search_term_string\"}}],\"inLanguage\":\"en-US\"},{\"@type\":\"Organization\",\"@id\":\"https:\\\/\\\/www.gestingral.com\\\/en\\\/#organization\",\"name\":\"Gestingral Assessoria\",\"url\":\"https:\\\/\\\/www.gestingral.com\\\/en\\\/\",\"logo\":{\"@type\":\"ImageObject\",\"inLanguage\":\"en-US\",\"@id\":\"https:\\\/\\\/www.gestingral.com\\\/en\\\/#\\\/schema\\\/logo\\\/image\\\/\",\"url\":\"https:\\\/\\\/www.gestingral.com\\\/wp-content\\\/uploads\\\/2021\\\/03\\\/gestingral-logo-retina.png\",\"contentUrl\":\"https:\\\/\\\/www.gestingral.com\\\/wp-content\\\/uploads\\\/2021\\\/03\\\/gestingral-logo-retina.png\",\"width\":340,\"height\":342,\"caption\":\"Gestingral Assessoria\"},\"image\":{\"@id\":\"https:\\\/\\\/www.gestingral.com\\\/en\\\/#\\\/schema\\\/logo\\\/image\\\/\"},\"sameAs\":[\"https:\\\/\\\/www.facebook.com\\\/Gestingral\",\"https:\\\/\\\/x.com\\\/gestingral\",\"https:\\\/\\\/www.instagram.com\\\/gestingral\",\"https:\\\/\\\/www.linkedin.com\\\/company\\\/gestingral\"]}]}<\/script>\n<!-- \/ Yoast SEO plugin. -->","yoast_head_json":{"title":"Informaci\u00f3 sobre nova normativa facturaci\u00f3, everything you need to know &#8226; Gestingral Assessoria a Vilanova i la Geltr\u00fa.","description":"A revolution is coming for companies and the self-employed and they need to be prepared. We help you to have all the information about electronic invoicing","robots":{"index":"index","follow":"follow","max-snippet":"max-snippet:-1","max-image-preview":"max-image-preview:large","max-video-preview":"max-video-preview:-1"},"canonical":"https:\/\/www.gestingral.com\/en\/invoicing-news\/","og_locale":"en_US","og_type":"article","og_title":"Informaci\u00f3 sobre nova normativa facturaci\u00f3, everything you need to know &#8226; Gestingral Assessoria a Vilanova i la Geltr\u00fa.","og_description":"A revolution is coming for companies and the self-employed and they need to be prepared. We help you to have all the information about electronic invoicing","og_url":"https:\/\/www.gestingral.com\/en\/invoicing-news\/","og_site_name":"Gestingral Assessoria a Vilanova i la Geltr\u00fa.","article_publisher":"https:\/\/www.facebook.com\/Gestingral","article_modified_time":"2025-10-23T11:03:56+00:00","twitter_card":"summary_large_image","twitter_site":"@gestingral","twitter_misc":{"Est. reading time":"2 minutes"},"schema":{"@context":"https:\/\/schema.org","@graph":[{"@type":"WebPage","@id":"https:\/\/www.gestingral.com\/en\/invoicing-news\/","url":"https:\/\/www.gestingral.com\/en\/invoicing-news\/","name":"Informaci\u00f3 sobre nova normativa facturaci\u00f3, everything you need to know &#8226; Gestingral Assessoria a Vilanova i la Geltr\u00fa.","isPartOf":{"@id":"https:\/\/www.gestingral.com\/en\/#website"},"datePublished":"2025-03-25T12:30:45+00:00","dateModified":"2025-10-23T11:03:56+00:00","description":"A revolution is coming for companies and the self-employed and they need to be prepared. We help you to have all the information about electronic invoicing","breadcrumb":{"@id":"https:\/\/www.gestingral.com\/en\/invoicing-news\/#breadcrumb"},"inLanguage":"en-US","potentialAction":[{"@type":"ReadAction","target":["https:\/\/www.gestingral.com\/en\/invoicing-news\/"]}]},{"@type":"BreadcrumbList","@id":"https:\/\/www.gestingral.com\/en\/invoicing-news\/#breadcrumb","itemListElement":[{"@type":"ListItem","position":1,"name":"Portada","item":"https:\/\/www.gestingral.com\/en\/"},{"@type":"ListItem","position":2,"name":"Informaci\u00f3 sobre nova normativa facturaci\u00f3"}]},{"@type":"WebSite","@id":"https:\/\/www.gestingral.com\/en\/#website","url":"https:\/\/www.gestingral.com\/en\/","name":"Gestingral Assessoria a Vilanova i la Geltr\u00fa.","description":"Assessors - Consultors - Advocats","publisher":{"@id":"https:\/\/www.gestingral.com\/en\/#organization"},"potentialAction":[{"@type":"SearchAction","target":{"@type":"EntryPoint","urlTemplate":"https:\/\/www.gestingral.com\/en\/?s={search_term_string}"},"query-input":{"@type":"PropertyValueSpecification","valueRequired":true,"valueName":"search_term_string"}}],"inLanguage":"en-US"},{"@type":"Organization","@id":"https:\/\/www.gestingral.com\/en\/#organization","name":"Gestingral Assessoria","url":"https:\/\/www.gestingral.com\/en\/","logo":{"@type":"ImageObject","inLanguage":"en-US","@id":"https:\/\/www.gestingral.com\/en\/#\/schema\/logo\/image\/","url":"https:\/\/www.gestingral.com\/wp-content\/uploads\/2021\/03\/gestingral-logo-retina.png","contentUrl":"https:\/\/www.gestingral.com\/wp-content\/uploads\/2021\/03\/gestingral-logo-retina.png","width":340,"height":342,"caption":"Gestingral Assessoria"},"image":{"@id":"https:\/\/www.gestingral.com\/en\/#\/schema\/logo\/image\/"},"sameAs":["https:\/\/www.facebook.com\/Gestingral","https:\/\/x.com\/gestingral","https:\/\/www.instagram.com\/gestingral","https:\/\/www.linkedin.com\/company\/gestingral"]}]}},"_links":{"self":[{"href":"https:\/\/www.gestingral.com\/en\/wp-json\/wp\/v2\/pages\/17189","targetHints":{"allow":["GET"]}}],"collection":[{"href":"https:\/\/www.gestingral.com\/en\/wp-json\/wp\/v2\/pages"}],"about":[{"href":"https:\/\/www.gestingral.com\/en\/wp-json\/wp\/v2\/types\/page"}],"author":[{"embeddable":true,"href":"https:\/\/www.gestingral.com\/en\/wp-json\/wp\/v2\/users\/16"}],"replies":[{"embeddable":true,"href":"https:\/\/www.gestingral.com\/en\/wp-json\/wp\/v2\/comments?post=17189"}],"version-history":[{"count":27,"href":"https:\/\/www.gestingral.com\/en\/wp-json\/wp\/v2\/pages\/17189\/revisions"}],"predecessor-version":[{"id":18523,"href":"https:\/\/www.gestingral.com\/en\/wp-json\/wp\/v2\/pages\/17189\/revisions\/18523"}],"wp:attachment":[{"href":"https:\/\/www.gestingral.com\/en\/wp-json\/wp\/v2\/media?parent=17189"}],"curies":[{"name":"wp","href":"https:\/\/api.w.org\/{rel}","templated":true}]}}